{"id":409,"date":"2026-05-03T13:05:54","date_gmt":"2026-05-03T11:05:54","guid":{"rendered":"https:\/\/boem.pl\/?page_id=409"},"modified":"2026-05-05T20:30:15","modified_gmt":"2026-05-05T18:30:15","slug":"wspolpraca-biznesowa-3","status":"publish","type":"page","link":"https:\/\/boem.pl\/?page_id=409","title":{"rendered":"Wsp\u00f3\u0142praca biznesowa"},"content":{"rendered":"\t\t<div data-elementor-type=\"wp-page\" data-elementor-id=\"409\" class=\"elementor elementor-409\">\n\t\t\t\t<div class=\"elementor-element elementor-element-467cc8e e-con-full e-flex e-con e-parent\" data-id=\"467cc8e\" data-element_type=\"container\" data-e-type=\"container\">\n\t\t<div class=\"elementor-element elementor-element-e839a1a e-con-full e-grid e-con e-child\" data-id=\"e839a1a\" data-element_type=\"container\" data-e-type=\"container\">\n\t\t\t\t\t\t\t\n\t\t\t<img class=\"e-image-base e-df3dc69-1d8f81e\" \n\t\t\t\t\tdata-interaction-id=\"df3dc69\" \n\t\t \n\t\t \n\t\t\t\t\t\t\t\t\tid=\"12\"\n\t\t\t\t\t\t\t\t\t\t\t\tsrc=\"https:\/\/boem.pl\/wp-content\/uploads\/2026\/04\/LOGO.png\"\n\t\t\t\t\t\t\t\t\t\t\t\twidth=\"160\"\n\t\t\t\t\t\t\t\t\t\t\t\theight=\"80\"\n\t\t\t\t\t\t\t\t\t\t\t\tsrcset=\"\"\n\t\t\t\t\t\t\t\t\t\t\t\talt=\"\"\n\t\t\t\t\t\t\/>\n\t\t\t\t\t\t\t\t\t<p class=\"e-4342a84-30446be e-paragraph-base\" data-interaction-id=\"4342a84\"  >\n\t\t\t\t\t\t\t\t<strong>BOEM GROUP<\/strong><br>Zak\u0142ad Produkcyjny<br>Miros\u0142awice 14<br>72-320, Trzebiat\u00f3w <br>tel.: (91) 387 74 51<br>\n\t\t\t\t\t<\/p>\n\t\t\t\t<\/div>\n\t\t<div class=\"elementor-element elementor-element-e777969 e-flex e-con-boxed e-con e-child\" data-id=\"e777969\" data-element_type=\"container\" data-e-type=\"container\">\n\t\t\t\t\t<div class=\"e-con-inner\">\n\t\t\t\t<div class=\"elementor-element elementor-element-d1f4b41 elementor-widget elementor-widget-google_maps\" data-id=\"d1f4b41\" data-element_type=\"widget\" data-e-type=\"widget\" data-widget_type=\"google_maps.default\">\n\t\t\t\t\t\t\t<div class=\"elementor-custom-embed\">\n\t\t\t<iframe loading=\"lazy\"\n\t\t\t\t\tsrc=\"https:\/\/maps.google.com\/maps?q=boem%20miros%C5%82awice&#038;t=m&#038;z=10&#038;output=embed&#038;iwloc=near\"\n\t\t\t\t\ttitle=\"boem miros\u0142awice\"\n\t\t\t\t\taria-label=\"boem miros\u0142awice\"\n\t\t\t><\/iframe>\n\t\t<\/div>\n\t\t\t\t\t\t<\/div>\n\t\t\t\t\t<\/div>\n\t\t\t\t<\/div>\n\t\t\t\t<\/div>\n\t\t<div class=\"elementor-element elementor-element-b6ef3d8 e-con-full e-flex e-con e-parent\" data-id=\"b6ef3d8\" data-element_type=\"container\" data-e-type=\"container\">\n\t\t\t\t<div class=\"elementor-element elementor-element-6fadfa1 elementor-widget elementor-widget-wpforms\" data-id=\"6fadfa1\" data-element_type=\"widget\" data-e-type=\"widget\" data-widget_type=\"wpforms.default\">\n\t\t\t\t<div class=\"elementor-widget-container\">\n\t\t\t\t\t<div class=\"wpforms-container wpforms-container-full wpforms-render-modern\" id=\"wpforms-630\"><form id=\"wpforms-form-630\" class=\"wpforms-validate wpforms-form wpforms-ajax-form\" data-formid=\"630\" method=\"post\" enctype=\"multipart\/form-data\" action=\"\/index.php?rest_route=%2Fwp%2Fv2%2Fpages%2F409\" data-token=\"868b250572ae011b25db60e0942a5ad7\" data-token-time=\"1778690122\"><noscript class=\"wpforms-error-noscript\">Aby wype\u0142ni\u0107 ten formularz, w\u0142\u0105cz obs\u0142ug\u0119 JavaScript w przegl\u0105darce.<\/noscript><div id=\"wpforms-error-noscript\" style=\"display: none;\">Aby wype\u0142ni\u0107 ten formularz, w\u0142\u0105cz obs\u0142ug\u0119 JavaScript w przegl\u0105darce.<\/div><div class=\"wpforms-field-container\">\t\t<div id=\"wpforms-630-field_4-container\"\n\t\t\tclass=\"wpforms-field wpforms-field-text\"\n\t\t\tdata-field-type=\"text\"\n\t\t\tdata-field-id=\"4\"\n\t\t\t>\n\t\t\t<label class=\"wpforms-field-label\" for=\"wpforms-630-field_4\" >Komentarz Imi\u0119 wiadomo\u015b\u0107<\/label>\n\t\t\t<input type=\"text\" id=\"wpforms-630-field_4\" class=\"wpforms-field-medium\" name=\"wpforms[fields][4]\" >\n\t\t<\/div>\n\t\t<div id=\"wpforms-630-field_5-container\" class=\"wpforms-field wpforms-field-text\" data-field-id=\"5\"><label class=\"wpforms-field-label\" for=\"wpforms-630-field_5\">Nazwa organizacji  <span class=\"wpforms-required-label\" aria-hidden=\"true\">*<\/span><\/label><input type=\"text\" id=\"wpforms-630-field_5\" class=\"wpforms-field-medium wpforms-field-required\" name=\"wpforms[fields][5]\" aria-errormessage=\"wpforms-630-field_5-error\" required><\/div><div id=\"wpforms-630-field_1-container\" class=\"wpforms-field wpforms-field-name\" data-field-id=\"1\"><fieldset><legend class=\"wpforms-field-label\">Imi\u0119 i nazwisko <span class=\"wpforms-required-label\" aria-hidden=\"true\">*<\/span><\/legend><div class=\"wpforms-field-row wpforms-field-medium\"><div class=\"wpforms-field-row-block wpforms-first wpforms-one-half\"><input type=\"text\" id=\"wpforms-630-field_1\" class=\"wpforms-field-name-first wpforms-field-required\" name=\"wpforms[fields][1][first]\" aria-errormessage=\"wpforms-630-field_1-error\" required><label for=\"wpforms-630-field_1\" class=\"wpforms-field-sublabel after\">Pierwszy<\/label><\/div><div class=\"wpforms-field-row-block wpforms-one-half\"><input type=\"text\" id=\"wpforms-630-field_1-last\" class=\"wpforms-field-name-last wpforms-field-required\" name=\"wpforms[fields][1][last]\" aria-errormessage=\"wpforms-630-field_1-last-error\" required><label for=\"wpforms-630-field_1-last\" class=\"wpforms-field-sublabel after\">Ostatni<\/label><\/div><\/div><\/fieldset><\/div><div id=\"wpforms-630-field_2-container\" class=\"wpforms-field wpforms-field-email\" data-field-id=\"2\"><label class=\"wpforms-field-label\" for=\"wpforms-630-field_2\">Adres e-mail <span class=\"wpforms-required-label\" aria-hidden=\"true\">*<\/span><\/label><input type=\"email\" id=\"wpforms-630-field_2\" class=\"wpforms-field-medium wpforms-field-required\" name=\"wpforms[fields][2]\" spellcheck=\"false\" aria-errormessage=\"wpforms-630-field_2-error\" required><\/div><div id=\"wpforms-630-field_3-container\" class=\"wpforms-field wpforms-field-textarea\" data-field-id=\"3\"><label class=\"wpforms-field-label\" for=\"wpforms-630-field_3\">Komentarz lub wiadomo\u015b\u0107<\/label><textarea id=\"wpforms-630-field_3\" class=\"wpforms-field-medium\" name=\"wpforms[fields][3]\" aria-errormessage=\"wpforms-630-field_3-error\" ><\/textarea><\/div><script>\n\t\t\t\t( function() {\n\t\t\t\t\tconst style = document.createElement( 'style' );\n\t\t\t\t\tstyle.appendChild( document.createTextNode( '#wpforms-630-field_4-container { position: absolute !important; overflow: hidden !important; display: inline !important; height: 1px !important; width: 1px !important; z-index: -1000 !important; padding: 0 !important; } #wpforms-630-field_4-container input { visibility: hidden; } #wpforms-conversational-form-page #wpforms-630-field_4-container label { counter-increment: none; }' ) );\n\t\t\t\t\tdocument.head.appendChild( style );\n\t\t\t\t\tdocument.currentScript?.remove();\n\t\t\t\t} )();\n\t\t\t<\/script><\/div><!-- .wpforms-field-container --><div class=\"wpforms-submit-container\" ><input type=\"hidden\" name=\"wpforms[id]\" value=\"630\"><input type=\"hidden\" name=\"page_title\" value=\"\"><input type=\"hidden\" name=\"page_url\" value=\"https:\/\/boem.pl\/index.php?rest_route=\/wp\/v2\/pages\/409\"><input type=\"hidden\" name=\"url_referer\" value=\"\"><button type=\"submit\" name=\"wpforms[submit]\" id=\"wpforms-submit-630\" class=\"wpforms-submit\" data-alt-text=\"Wysy\u0142anie...\" data-submit-text=\"Prze\u015blij\" aria-live=\"assertive\" value=\"wpforms-submit\">Prze\u015blij<\/button><img decoding=\"async\" src=\"https:\/\/boem.pl\/wp-content\/plugins\/wpforms-lite\/assets\/images\/submit-spin.svg\" class=\"wpforms-submit-spinner\" style=\"display: none;\" width=\"26\" height=\"26\" alt=\"Wczytywanie\"><\/div><\/form><\/div>  <!-- .wpforms-container -->\t\t\t\t<\/div>\n\t\t\t\t<\/div>\n\t\t\t\t<\/div>\n\t\t\t\t<\/div>\n\t\t","protected":false},"excerpt":{"rendered":"<p>BOEM GROUPZak\u0142ad ProdukcyjnyMiros\u0142awice 1472-320, Trzebiat\u00f3w tel.: (91) 387 74 51 Aby wype\u0142ni\u0107 ten formularz, w\u0142\u0105cz obs\u0142ug\u0119 JavaScript w przegl\u0105darce.Aby wype\u0142ni\u0107 ten formularz, w\u0142\u0105cz obs\u0142ug\u0119 JavaScript w przegl\u0105darce.Nazwa organizacji * Imi\u0119 i nazwisko * PierwszyOstatni Adres e-mail *Komentarz lub wiadomo\u015b\u0107 Prze\u015blij<\/p>\n","protected":false},"author":1,"featured_media":0,"parent":0,"menu_order":0,"comment_status":"closed","ping_status":"closed","template":"","meta":{"footnotes":""},"class_list":["post-409","page","type-page","status-publish","hentry"],"yoast_head":"<!-- This site is optimized with the Yoast SEO plugin v27.5 - https:\/\/yoast.com\/product\/yoast-seo-wordpress\/ -->\n<title>Wsp\u00f3\u0142praca biznesowa - BOEM GROUP<\/title>\n<meta name=\"robots\" content=\"index, follow, max-snippet:-1, max-image-preview:large, max-video-preview:-1\" \/>\n<link rel=\"canonical\" href=\"http:\/\/boem.pl\/?page_id=409\" \/>\n<meta property=\"og:locale\" content=\"pl_PL\" \/>\n<meta property=\"og:type\" content=\"article\" \/>\n<meta property=\"og:title\" content=\"Wsp\u00f3\u0142praca biznesowa - BOEM GROUP\" \/>\n<meta property=\"og:description\" content=\"BOEM GROUPZak\u0142ad ProdukcyjnyMiros\u0142awice 1472-320, Trzebiat\u00f3w tel.: (91) 387 74 51 Aby wype\u0142ni\u0107 ten formularz, w\u0142\u0105cz obs\u0142ug\u0119 JavaScript w przegl\u0105darce.Aby wype\u0142ni\u0107 ten formularz, w\u0142\u0105cz obs\u0142ug\u0119 JavaScript w przegl\u0105darce.Nazwa organizacji * Imi\u0119 i nazwisko * PierwszyOstatni Adres e-mail *Komentarz lub wiadomo\u015b\u0107 Prze\u015blij\" \/>\n<meta property=\"og:url\" content=\"http:\/\/boem.pl\/?page_id=409\" \/>\n<meta property=\"og:site_name\" content=\"BOEM GROUP\" \/>\n<meta property=\"article:modified_time\" content=\"2026-05-05T18:30:15+00:00\" \/>\n<meta property=\"og:image\" content=\"http:\/\/boem.pl\/wp-content\/uploads\/2026\/04\/LOGO.png\" \/>\n<meta name=\"twitter:card\" content=\"summary_large_image\" \/>\n<meta name=\"twitter:label1\" content=\"Szacowany czas czytania\" \/>\n\t<meta name=\"twitter:data1\" content=\"1 minuta\" \/>\n<script type=\"application\/ld+json\" class=\"yoast-schema-graph\">{\"@context\":\"https:\\\/\\\/schema.org\",\"@graph\":[{\"@type\":\"WebPage\",\"@id\":\"http:\\\/\\\/boem.pl\\\/?page_id=409\",\"url\":\"http:\\\/\\\/boem.pl\\\/?page_id=409\",\"name\":\"Wsp\u00f3\u0142praca biznesowa - BOEM GROUP\",\"isPartOf\":{\"@id\":\"https:\\\/\\\/boem.pl\\\/#website\"},\"primaryImageOfPage\":{\"@id\":\"http:\\\/\\\/boem.pl\\\/?page_id=409#primaryimage\"},\"image\":{\"@id\":\"http:\\\/\\\/boem.pl\\\/?page_id=409#primaryimage\"},\"thumbnailUrl\":\"http:\\\/\\\/boem.pl\\\/wp-content\\\/uploads\\\/2026\\\/04\\\/LOGO.png\",\"datePublished\":\"2026-05-03T11:05:54+00:00\",\"dateModified\":\"2026-05-05T18:30:15+00:00\",\"breadcrumb\":{\"@id\":\"http:\\\/\\\/boem.pl\\\/?page_id=409#breadcrumb\"},\"inLanguage\":\"pl-PL\",\"potentialAction\":[{\"@type\":\"ReadAction\",\"target\":[\"http:\\\/\\\/boem.pl\\\/?page_id=409\"]}]},{\"@type\":\"ImageObject\",\"inLanguage\":\"pl-PL\",\"@id\":\"http:\\\/\\\/boem.pl\\\/?page_id=409#primaryimage\",\"url\":\"http:\\\/\\\/boem.pl\\\/wp-content\\\/uploads\\\/2026\\\/04\\\/LOGO.png\",\"contentUrl\":\"http:\\\/\\\/boem.pl\\\/wp-content\\\/uploads\\\/2026\\\/04\\\/LOGO.png\"},{\"@type\":\"BreadcrumbList\",\"@id\":\"http:\\\/\\\/boem.pl\\\/?page_id=409#breadcrumb\",\"itemListElement\":[{\"@type\":\"ListItem\",\"position\":1,\"name\":\"Home\",\"item\":\"https:\\\/\\\/boem.pl\\\/\"},{\"@type\":\"ListItem\",\"position\":2,\"name\":\"Wsp\u00f3\u0142praca biznesowa\"}]},{\"@type\":\"WebSite\",\"@id\":\"https:\\\/\\\/boem.pl\\\/#website\",\"url\":\"https:\\\/\\\/boem.pl\\\/\",\"name\":\"BOEM GROUP\",\"description\":\"\",\"publisher\":{\"@id\":\"https:\\\/\\\/boem.pl\\\/#organization\"},\"potentialAction\":[{\"@type\":\"SearchAction\",\"target\":{\"@type\":\"EntryPoint\",\"urlTemplate\":\"https:\\\/\\\/boem.pl\\\/?s={search_term_string}\"},\"query-input\":{\"@type\":\"PropertyValueSpecification\",\"valueRequired\":true,\"valueName\":\"search_term_string\"}}],\"inLanguage\":\"pl-PL\"},{\"@type\":\"Organization\",\"@id\":\"https:\\\/\\\/boem.pl\\\/#organization\",\"name\":\"BOEM GROUP\",\"url\":\"https:\\\/\\\/boem.pl\\\/\",\"logo\":{\"@type\":\"ImageObject\",\"inLanguage\":\"pl-PL\",\"@id\":\"https:\\\/\\\/boem.pl\\\/#\\\/schema\\\/logo\\\/image\\\/\",\"url\":\"https:\\\/\\\/boem.pl\\\/wp-content\\\/uploads\\\/2026\\\/04\\\/cropped-LOGO.png\",\"contentUrl\":\"https:\\\/\\\/boem.pl\\\/wp-content\\\/uploads\\\/2026\\\/04\\\/cropped-LOGO.png\",\"width\":240,\"height\":88,\"caption\":\"BOEM GROUP\"},\"image\":{\"@id\":\"https:\\\/\\\/boem.pl\\\/#\\\/schema\\\/logo\\\/image\\\/\"}}]}<\/script>\n<!-- \/ Yoast SEO plugin. -->","yoast_head_json":{"title":"Wsp\u00f3\u0142praca biznesowa - BOEM GROUP","robots":{"index":"index","follow":"follow","max-snippet":"max-snippet:-1","max-image-preview":"max-image-preview:large","max-video-preview":"max-video-preview:-1"},"canonical":"http:\/\/boem.pl\/?page_id=409","og_locale":"pl_PL","og_type":"article","og_title":"Wsp\u00f3\u0142praca biznesowa - BOEM GROUP","og_description":"BOEM GROUPZak\u0142ad ProdukcyjnyMiros\u0142awice 1472-320, Trzebiat\u00f3w tel.: (91) 387 74 51 Aby wype\u0142ni\u0107 ten formularz, w\u0142\u0105cz obs\u0142ug\u0119 JavaScript w przegl\u0105darce.Aby wype\u0142ni\u0107 ten formularz, w\u0142\u0105cz obs\u0142ug\u0119 JavaScript w przegl\u0105darce.Nazwa organizacji * Imi\u0119 i nazwisko * PierwszyOstatni Adres e-mail *Komentarz lub wiadomo\u015b\u0107 Prze\u015blij","og_url":"http:\/\/boem.pl\/?page_id=409","og_site_name":"BOEM GROUP","article_modified_time":"2026-05-05T18:30:15+00:00","og_image":[{"url":"http:\/\/boem.pl\/wp-content\/uploads\/2026\/04\/LOGO.png","type":"","width":"","height":""}],"twitter_card":"summary_large_image","twitter_misc":{"Szacowany czas czytania":"1 minuta"},"schema":{"@context":"https:\/\/schema.org","@graph":[{"@type":"WebPage","@id":"http:\/\/boem.pl\/?page_id=409","url":"http:\/\/boem.pl\/?page_id=409","name":"Wsp\u00f3\u0142praca biznesowa - BOEM GROUP","isPartOf":{"@id":"https:\/\/boem.pl\/#website"},"primaryImageOfPage":{"@id":"http:\/\/boem.pl\/?page_id=409#primaryimage"},"image":{"@id":"http:\/\/boem.pl\/?page_id=409#primaryimage"},"thumbnailUrl":"http:\/\/boem.pl\/wp-content\/uploads\/2026\/04\/LOGO.png","datePublished":"2026-05-03T11:05:54+00:00","dateModified":"2026-05-05T18:30:15+00:00","breadcrumb":{"@id":"http:\/\/boem.pl\/?page_id=409#breadcrumb"},"inLanguage":"pl-PL","potentialAction":[{"@type":"ReadAction","target":["http:\/\/boem.pl\/?page_id=409"]}]},{"@type":"ImageObject","inLanguage":"pl-PL","@id":"http:\/\/boem.pl\/?page_id=409#primaryimage","url":"http:\/\/boem.pl\/wp-content\/uploads\/2026\/04\/LOGO.png","contentUrl":"http:\/\/boem.pl\/wp-content\/uploads\/2026\/04\/LOGO.png"},{"@type":"BreadcrumbList","@id":"http:\/\/boem.pl\/?page_id=409#breadcrumb","itemListElement":[{"@type":"ListItem","position":1,"name":"Home","item":"https:\/\/boem.pl\/"},{"@type":"ListItem","position":2,"name":"Wsp\u00f3\u0142praca biznesowa"}]},{"@type":"WebSite","@id":"https:\/\/boem.pl\/#website","url":"https:\/\/boem.pl\/","name":"BOEM GROUP","description":"","publisher":{"@id":"https:\/\/boem.pl\/#organization"},"potentialAction":[{"@type":"SearchAction","target":{"@type":"EntryPoint","urlTemplate":"https:\/\/boem.pl\/?s={search_term_string}"},"query-input":{"@type":"PropertyValueSpecification","valueRequired":true,"valueName":"search_term_string"}}],"inLanguage":"pl-PL"},{"@type":"Organization","@id":"https:\/\/boem.pl\/#organization","name":"BOEM GROUP","url":"https:\/\/boem.pl\/","logo":{"@type":"ImageObject","inLanguage":"pl-PL","@id":"https:\/\/boem.pl\/#\/schema\/logo\/image\/","url":"https:\/\/boem.pl\/wp-content\/uploads\/2026\/04\/cropped-LOGO.png","contentUrl":"https:\/\/boem.pl\/wp-content\/uploads\/2026\/04\/cropped-LOGO.png","width":240,"height":88,"caption":"BOEM GROUP"},"image":{"@id":"https:\/\/boem.pl\/#\/schema\/logo\/image\/"}}]}},"_links":{"self":[{"href":"https:\/\/boem.pl\/index.php?rest_route=\/wp\/v2\/pages\/409","targetHints":{"allow":["GET"]}}],"collection":[{"href":"https:\/\/boem.pl\/index.php?rest_route=\/wp\/v2\/pages"}],"about":[{"href":"https:\/\/boem.pl\/index.php?rest_route=\/wp\/v2\/types\/page"}],"author":[{"embeddable":true,"href":"https:\/\/boem.pl\/index.php?rest_route=\/wp\/v2\/users\/1"}],"replies":[{"embeddable":true,"href":"https:\/\/boem.pl\/index.php?rest_route=%2Fwp%2Fv2%2Fcomments&post=409"}],"version-history":[{"count":129,"href":"https:\/\/boem.pl\/index.php?rest_route=\/wp\/v2\/pages\/409\/revisions"}],"predecessor-version":[{"id":680,"href":"https:\/\/boem.pl\/index.php?rest_route=\/wp\/v2\/pages\/409\/revisions\/680"}],"wp:attachment":[{"href":"https:\/\/boem.pl\/index.php?rest_route=%2Fwp%2Fv2%2Fmedia&parent=409"}],"curies":[{"name":"wp","href":"https:\/\/api.w.org\/{rel}","templated":true}]}}