{"id":2,"date":"2026-04-15T20:27:47","date_gmt":"2026-04-15T18:27:47","guid":{"rendered":"https:\/\/example.com\/?page_id=2"},"modified":"2026-05-05T21:16:30","modified_gmt":"2026-05-05T19:16:30","slug":"o-nas","status":"publish","type":"page","link":"https:\/\/boem.pl\/","title":{"rendered":"O nas"},"content":{"rendered":"\t\t<div data-elementor-type=\"wp-page\" data-elementor-id=\"2\" class=\"elementor elementor-2\">\n\t\t\t\t<div class=\"elementor-element elementor-element-775b132d e-con-full e-flex e-con e-parent\" data-id=\"775b132d\" data-element_type=\"container\" data-e-type=\"container\">\n\t\t\t\t<div class=\"elementor-element elementor-element-6e3971a elementor-widget__width-inherit elementor-widget elementor-widget-video\" data-id=\"6e3971a\" data-element_type=\"widget\" data-e-type=\"widget\" data-settings=\"{&quot;youtube_url&quot;:&quot;https:\\\/\\\/youtu.be\\\/RO-qeR0M4yU&quot;,&quot;autoplay&quot;:&quot;yes&quot;,&quot;play_on_mobile&quot;:&quot;yes&quot;,&quot;mute&quot;:&quot;yes&quot;,&quot;loop&quot;:&quot;yes&quot;,&quot;video_type&quot;:&quot;youtube&quot;,&quot;controls&quot;:&quot;yes&quot;}\" data-widget_type=\"video.default\">\n\t\t\t\t\t\t\t<div class=\"elementor-wrapper elementor-open-inline\">\n\t\t\t<div class=\"elementor-video\"><\/div>\t\t<\/div>\n\t\t\t\t\t\t<\/div>\n\t\t\t\t<\/div>\n\t\t<div class=\"elementor-element elementor-element-92ffc50 e-con-full e-flex e-con e-parent\" data-id=\"92ffc50\" data-element_type=\"container\" data-e-type=\"container\">\n\t\t<div class=\"elementor-element elementor-element-0164dbe e-con-full e-grid e-con e-child\" data-id=\"0164dbe\" data-element_type=\"container\" data-e-type=\"container\">\n\t\t\t\t\t\t\t\n\t\t\t<img class=\"e-image-base \" \n\t\t\t\t\tdata-interaction-id=\"2393181\" \n\t\t \n\t\t \n\t\t\t\t\t\t\t\t\tid=\"106\"\n\t\t\t\t\t\t\t\t\t\t\t\tsrc=\"https:\/\/boem.pl\/wp-content\/uploads\/2026\/04\/ChatGPT-Image-20-kwi-2026-20_01_57.png\"\n\t\t\t\t\t\t\t\t\t\t\t\twidth=\"1536\"\n\t\t\t\t\t\t\t\t\t\t\t\theight=\"1024\"\n\t\t\t\t\t\t\t\t\t\t\t\tsrcset=\"https:\/\/boem.pl\/wp-content\/uploads\/2026\/04\/ChatGPT-Image-20-kwi-2026-20_01_57.png 1536w, https:\/\/boem.pl\/wp-content\/uploads\/2026\/04\/ChatGPT-Image-20-kwi-2026-20_01_57-300x200.png 300w, https:\/\/boem.pl\/wp-content\/uploads\/2026\/04\/ChatGPT-Image-20-kwi-2026-20_01_57-1024x683.png 1024w, https:\/\/boem.pl\/wp-content\/uploads\/2026\/04\/ChatGPT-Image-20-kwi-2026-20_01_57-768x512.png 768w\"\n\t\t\t\t\t\t\t\t\t\t\t\talt=\"\"\n\t\t\t\t\t\t\/>\n\t\t\t<div class=\"elementor-element elementor-element-439a67e e-con-full e-flex e-con e-child\" data-id=\"439a67e\" data-element_type=\"container\" data-e-type=\"container\">\n\t\t\t\t\t\t\t\n\t\t\t<img class=\"e-image-base \" \n\t\t\t\t\tdata-interaction-id=\"c1a87ab\" \n\t\t \n\t\t \n\t\t\t\t\t\t\t\t\tid=\"345\"\n\t\t\t\t\t\t\t\t\t\t\t\tsrc=\"https:\/\/boem.pl\/wp-content\/uploads\/2026\/05\/ISO.png\"\n\t\t\t\t\t\t\t\t\t\t\t\twidth=\"200\"\n\t\t\t\t\t\t\t\t\t\t\t\theight=\"100\"\n\t\t\t\t\t\t\t\t\t\t\t\tsrcset=\"\"\n\t\t\t\t\t\t\t\t\t\t\t\talt=\"\"\n\t\t\t\t\t\t\/>\n\t\t\t\t\t<\/div>\n\t\t\t\t<\/div>\n\t\t<div class=\"elementor-element elementor-element-db2a40d e-con-full e-grid e-con e-child\" data-id=\"db2a40d\" data-element_type=\"container\" data-e-type=\"container\">\n\t\t\t\t<div class=\"elementor-element elementor-element-43461eb5 elementor-widget elementor-widget-text-editor\" data-id=\"43461eb5\" data-element_type=\"widget\" data-e-type=\"widget\" data-widget_type=\"text-editor.default\">\n\t\t\t\t\t\t\t\t\t<p><strong>&nbsp; BOEM GROUP TO DO\u015aWIADCZONY PRODUCENT KONSTRUKCJI METALOWYCH, DZIA\u0141AJ\u0104CY NIEPRZERWANIE OD 1988 ROKU. FIRMA ZATRUDNIA OK. 200 WYKWALIFIKOWANYCH PRACOWNIK\u00d3W.&nbsp;<\/strong><\/p>\n<p><!-- \/wp:paragraph --><!-- wp:quote --><\/p>\n<p><\/p>\n<p>&nbsp; &nbsp;Specjalizujemy si\u0119 w projektowaniu, produkcji oraz transporcie spawanych konstrukcji metalowych. Dysponujemy nowoczesnym parkiem maszynowym, obejmuj\u0105cym m.in. urz\u0105dzenia CNC do ci\u0119cia laserowego i plazmowego, prasy kraw\u0119dziowe i hydrauliczne, roboty spawalnicze oraz kompleksowe zaplecze do obr\u00f3bki i malowania.<\/p>\n<p><!-- \/wp:paragraph --><!-- wp:quote --><\/p>\n<p>&nbsp; Nasz\u0105 przewag\u0105 jest w\u0142asne biuro konstrukcyjno-technologiczne, kt\u00f3re umo\u017cliwia realizacj\u0119 indywidualnych i zaawansowanych projekt\u00f3w przy zachowaniu wysokiej jako\u015bci i terminowo\u015bci.&nbsp; Dzi\u0119ki w\u0142asnej logistyce obs\u0142ugujemy klient\u00f3w w ca\u0142ej Europie. Nowoczesna produkcja realizowana jest w Miros\u0142awicach k. Trzebiatowa.&nbsp;<\/p>\n<p><!-- \/wp:quote --><!-- wp:paragraph --><\/p>\n<p><!-- \/wp:paragraph --><!-- wp:quote --><\/p>\n<p><\/p>\n<p><!-- \/wp:paragraph --><\/p>\t\t\t\t\t\t\t\t<\/div>\n\t\t\t\t<\/div>\n\t\t\t\t<\/div>\n\t\t<div class=\"elementor-element elementor-element-ff150eb e-flex e-con-boxed e-con e-parent\" data-id=\"ff150eb\" data-element_type=\"container\" data-e-type=\"container\">\n\t\t\t\t\t<div class=\"e-con-inner\">\n\t\t\t\t\t\n<hr class=\"e-divider-base\" data-interaction-id=\"bcf0b8c\"   \/>\n\t\t\t\t\t<\/div>\n\t\t\t\t<\/div>\n\t\t<div class=\"elementor-element elementor-element-b248547 e-flex e-con-boxed e-con e-parent\" data-id=\"b248547\" data-element_type=\"container\" data-e-type=\"container\">\n\t\t\t\t\t<div class=\"e-con-inner\">\n\t\t\t\t\t    \t            <a\n            href=\"https:\/\/boem.pl\/?page_id=36\" target=\"_self\"\n            class=\"e-e97dd89-d550415 e-button-base\"\n            data-interaction-id=\"e97dd89\"\n             \n        >\n            Zobacz nasze produkty\n        <\/a>\n    \t\t\t\t\t<\/div>\n\t\t\t\t<\/div>\n\t\t\t\t<\/div>\n\t\t","protected":false},"excerpt":{"rendered":"<p>&nbsp; BOEM GROUP TO DO\u015aWIADCZONY PRODUCENT KONSTRUKCJI METALOWYCH, DZIA\u0141AJ\u0104CY NIEPRZERWANIE OD 1988 ROKU. FIRMA ZATRUDNIA OK. 200 WYKWALIFIKOWANYCH PRACOWNIK\u00d3W.&nbsp; &nbsp; &nbsp;Specjalizujemy si\u0119 w projektowaniu, produkcji oraz transporcie spawanych konstrukcji metalowych. Dysponujemy nowoczesnym parkiem maszynowym, obejmuj\u0105cym m.in. urz\u0105dzenia CNC do ci\u0119cia laserowego i plazmowego, prasy kraw\u0119dziowe i hydrauliczne, roboty spawalnicze oraz kompleksowe zaplecze do obr\u00f3bki i [&hellip;]<\/p>\n","protected":false},"author":1,"featured_media":0,"parent":0,"menu_order":0,"comment_status":"closed","ping_status":"closed","template":"","meta":{"footnotes":""},"class_list":["post-2","page","type-page","status-publish","hentry"],"yoast_head":"<!-- This site is optimized with the Yoast SEO plugin v27.5 - https:\/\/yoast.com\/product\/yoast-seo-wordpress\/ -->\n<title>O nas - BOEM GROUP<\/title>\n<meta name=\"robots\" content=\"index, follow, max-snippet:-1, max-image-preview:large, max-video-preview:-1\" \/>\n<link rel=\"canonical\" href=\"https:\/\/boem.pl\/\" \/>\n<meta property=\"og:locale\" content=\"pl_PL\" \/>\n<meta property=\"og:type\" content=\"article\" \/>\n<meta property=\"og:title\" content=\"O nas - BOEM GROUP\" \/>\n<meta property=\"og:description\" content=\"&nbsp; BOEM GROUP TO DO\u015aWIADCZONY PRODUCENT KONSTRUKCJI METALOWYCH, DZIA\u0141AJ\u0104CY NIEPRZERWANIE OD 1988 ROKU. FIRMA ZATRUDNIA OK. 200 WYKWALIFIKOWANYCH PRACOWNIK\u00d3W.&nbsp; &nbsp; &nbsp;Specjalizujemy si\u0119 w projektowaniu, produkcji oraz transporcie spawanych konstrukcji metalowych. Dysponujemy nowoczesnym parkiem maszynowym, obejmuj\u0105cym m.in. urz\u0105dzenia CNC do ci\u0119cia laserowego i plazmowego, prasy kraw\u0119dziowe i hydrauliczne, roboty spawalnicze oraz kompleksowe zaplecze do obr\u00f3bki i [&hellip;]\" \/>\n<meta property=\"og:url\" content=\"https:\/\/boem.pl\/\" \/>\n<meta property=\"og:site_name\" content=\"BOEM GROUP\" \/>\n<meta property=\"article:modified_time\" content=\"2026-05-05T19:16:30+00:00\" \/>\n<meta property=\"og:image\" content=\"http:\/\/boem.pl\/wp-content\/uploads\/2026\/04\/ChatGPT-Image-20-kwi-2026-20_01_57.png\" \/>\n<meta name=\"twitter:card\" content=\"summary_large_image\" \/>\n<meta name=\"twitter:label1\" content=\"Szacowany czas czytania\" \/>\n\t<meta name=\"twitter:data1\" content=\"1 minuta\" \/>\n<script type=\"application\/ld+json\" class=\"yoast-schema-graph\">{\"@context\":\"https:\\\/\\\/schema.org\",\"@graph\":[{\"@type\":\"WebPage\",\"@id\":\"https:\\\/\\\/boem.pl\\\/\",\"url\":\"https:\\\/\\\/boem.pl\\\/\",\"name\":\"O nas - BOEM GROUP\",\"isPartOf\":{\"@id\":\"https:\\\/\\\/boem.pl\\\/#website\"},\"primaryImageOfPage\":{\"@id\":\"https:\\\/\\\/boem.pl\\\/#primaryimage\"},\"image\":{\"@id\":\"https:\\\/\\\/boem.pl\\\/#primaryimage\"},\"thumbnailUrl\":\"http:\\\/\\\/boem.pl\\\/wp-content\\\/uploads\\\/2026\\\/04\\\/ChatGPT-Image-20-kwi-2026-20_01_57.png\",\"datePublished\":\"2026-04-15T18:27:47+00:00\",\"dateModified\":\"2026-05-05T19:16:30+00:00\",\"breadcrumb\":{\"@id\":\"https:\\\/\\\/boem.pl\\\/#breadcrumb\"},\"inLanguage\":\"pl-PL\",\"potentialAction\":[{\"@type\":\"ReadAction\",\"target\":[\"https:\\\/\\\/boem.pl\\\/\"]}]},{\"@type\":\"ImageObject\",\"inLanguage\":\"pl-PL\",\"@id\":\"https:\\\/\\\/boem.pl\\\/#primaryimage\",\"url\":\"http:\\\/\\\/boem.pl\\\/wp-content\\\/uploads\\\/2026\\\/04\\\/ChatGPT-Image-20-kwi-2026-20_01_57.png\",\"contentUrl\":\"http:\\\/\\\/boem.pl\\\/wp-content\\\/uploads\\\/2026\\\/04\\\/ChatGPT-Image-20-kwi-2026-20_01_57.png\"},{\"@type\":\"BreadcrumbList\",\"@id\":\"https:\\\/\\\/boem.pl\\\/#breadcrumb\",\"itemListElement\":[{\"@type\":\"ListItem\",\"position\":1,\"name\":\"Home\",\"item\":\"https:\\\/\\\/boem.pl\\\/\"},{\"@type\":\"ListItem\",\"position\":2,\"name\":\"O nas\"}]},{\"@type\":\"WebSite\",\"@id\":\"https:\\\/\\\/boem.pl\\\/#website\",\"url\":\"https:\\\/\\\/boem.pl\\\/\",\"name\":\"BOEM GROUP\",\"description\":\"\",\"publisher\":{\"@id\":\"https:\\\/\\\/boem.pl\\\/#organization\"},\"potentialAction\":[{\"@type\":\"SearchAction\",\"target\":{\"@type\":\"EntryPoint\",\"urlTemplate\":\"https:\\\/\\\/boem.pl\\\/?s={search_term_string}\"},\"query-input\":{\"@type\":\"PropertyValueSpecification\",\"valueRequired\":true,\"valueName\":\"search_term_string\"}}],\"inLanguage\":\"pl-PL\"},{\"@type\":\"Organization\",\"@id\":\"https:\\\/\\\/boem.pl\\\/#organization\",\"name\":\"BOEM GROUP\",\"url\":\"https:\\\/\\\/boem.pl\\\/\",\"logo\":{\"@type\":\"ImageObject\",\"inLanguage\":\"pl-PL\",\"@id\":\"https:\\\/\\\/boem.pl\\\/#\\\/schema\\\/logo\\\/image\\\/\",\"url\":\"https:\\\/\\\/boem.pl\\\/wp-content\\\/uploads\\\/2026\\\/04\\\/cropped-LOGO.png\",\"contentUrl\":\"https:\\\/\\\/boem.pl\\\/wp-content\\\/uploads\\\/2026\\\/04\\\/cropped-LOGO.png\",\"width\":240,\"height\":88,\"caption\":\"BOEM GROUP\"},\"image\":{\"@id\":\"https:\\\/\\\/boem.pl\\\/#\\\/schema\\\/logo\\\/image\\\/\"}}]}<\/script>\n<!-- \/ Yoast SEO plugin. -->","yoast_head_json":{"title":"O nas - BOEM GROUP","robots":{"index":"index","follow":"follow","max-snippet":"max-snippet:-1","max-image-preview":"max-image-preview:large","max-video-preview":"max-video-preview:-1"},"canonical":"https:\/\/boem.pl\/","og_locale":"pl_PL","og_type":"article","og_title":"O nas - BOEM GROUP","og_description":"&nbsp; BOEM GROUP TO DO\u015aWIADCZONY PRODUCENT KONSTRUKCJI METALOWYCH, DZIA\u0141AJ\u0104CY NIEPRZERWANIE OD 1988 ROKU. FIRMA ZATRUDNIA OK. 200 WYKWALIFIKOWANYCH PRACOWNIK\u00d3W.&nbsp; &nbsp; &nbsp;Specjalizujemy si\u0119 w projektowaniu, produkcji oraz transporcie spawanych konstrukcji metalowych. Dysponujemy nowoczesnym parkiem maszynowym, obejmuj\u0105cym m.in. urz\u0105dzenia CNC do ci\u0119cia laserowego i plazmowego, prasy kraw\u0119dziowe i hydrauliczne, roboty spawalnicze oraz kompleksowe zaplecze do obr\u00f3bki i [&hellip;]","og_url":"https:\/\/boem.pl\/","og_site_name":"BOEM GROUP","article_modified_time":"2026-05-05T19:16:30+00:00","og_image":[{"url":"http:\/\/boem.pl\/wp-content\/uploads\/2026\/04\/ChatGPT-Image-20-kwi-2026-20_01_57.png","type":"","width":"","height":""}],"twitter_card":"summary_large_image","twitter_misc":{"Szacowany czas czytania":"1 minuta"},"schema":{"@context":"https:\/\/schema.org","@graph":[{"@type":"WebPage","@id":"https:\/\/boem.pl\/","url":"https:\/\/boem.pl\/","name":"O nas - BOEM GROUP","isPartOf":{"@id":"https:\/\/boem.pl\/#website"},"primaryImageOfPage":{"@id":"https:\/\/boem.pl\/#primaryimage"},"image":{"@id":"https:\/\/boem.pl\/#primaryimage"},"thumbnailUrl":"http:\/\/boem.pl\/wp-content\/uploads\/2026\/04\/ChatGPT-Image-20-kwi-2026-20_01_57.png","datePublished":"2026-04-15T18:27:47+00:00","dateModified":"2026-05-05T19:16:30+00:00","breadcrumb":{"@id":"https:\/\/boem.pl\/#breadcrumb"},"inLanguage":"pl-PL","potentialAction":[{"@type":"ReadAction","target":["https:\/\/boem.pl\/"]}]},{"@type":"ImageObject","inLanguage":"pl-PL","@id":"https:\/\/boem.pl\/#primaryimage","url":"http:\/\/boem.pl\/wp-content\/uploads\/2026\/04\/ChatGPT-Image-20-kwi-2026-20_01_57.png","contentUrl":"http:\/\/boem.pl\/wp-content\/uploads\/2026\/04\/ChatGPT-Image-20-kwi-2026-20_01_57.png"},{"@type":"BreadcrumbList","@id":"https:\/\/boem.pl\/#breadcrumb","itemListElement":[{"@type":"ListItem","position":1,"name":"Home","item":"https:\/\/boem.pl\/"},{"@type":"ListItem","position":2,"name":"O nas"}]},{"@type":"WebSite","@id":"https:\/\/boem.pl\/#website","url":"https:\/\/boem.pl\/","name":"BOEM GROUP","description":"","publisher":{"@id":"https:\/\/boem.pl\/#organization"},"potentialAction":[{"@type":"SearchAction","target":{"@type":"EntryPoint","urlTemplate":"https:\/\/boem.pl\/?s={search_term_string}"},"query-input":{"@type":"PropertyValueSpecification","valueRequired":true,"valueName":"search_term_string"}}],"inLanguage":"pl-PL"},{"@type":"Organization","@id":"https:\/\/boem.pl\/#organization","name":"BOEM GROUP","url":"https:\/\/boem.pl\/","logo":{"@type":"ImageObject","inLanguage":"pl-PL","@id":"https:\/\/boem.pl\/#\/schema\/logo\/image\/","url":"https:\/\/boem.pl\/wp-content\/uploads\/2026\/04\/cropped-LOGO.png","contentUrl":"https:\/\/boem.pl\/wp-content\/uploads\/2026\/04\/cropped-LOGO.png","width":240,"height":88,"caption":"BOEM GROUP"},"image":{"@id":"https:\/\/boem.pl\/#\/schema\/logo\/image\/"}}]}},"_links":{"self":[{"href":"https:\/\/boem.pl\/index.php?rest_route=\/wp\/v2\/pages\/2","targetHints":{"allow":["GET"]}}],"collection":[{"href":"https:\/\/boem.pl\/index.php?rest_route=\/wp\/v2\/pages"}],"about":[{"href":"https:\/\/boem.pl\/index.php?rest_route=\/wp\/v2\/types\/page"}],"author":[{"embeddable":true,"href":"https:\/\/boem.pl\/index.php?rest_route=\/wp\/v2\/users\/1"}],"replies":[{"embeddable":true,"href":"https:\/\/boem.pl\/index.php?rest_route=%2Fwp%2Fv2%2Fcomments&post=2"}],"version-history":[{"count":42,"href":"https:\/\/boem.pl\/index.php?rest_route=\/wp\/v2\/pages\/2\/revisions"}],"predecessor-version":[{"id":713,"href":"https:\/\/boem.pl\/index.php?rest_route=\/wp\/v2\/pages\/2\/revisions\/713"}],"wp:attachment":[{"href":"https:\/\/boem.pl\/index.php?rest_route=%2Fwp%2Fv2%2Fmedia&parent=2"}],"curies":[{"name":"wp","href":"https:\/\/api.w.org\/{rel}","templated":true}]}}