{"id":123,"date":"2026-04-20T20:17:47","date_gmt":"2026-04-20T18:17:47","guid":{"rendered":"https:\/\/boem.pl\/?page_id=123"},"modified":"2026-05-04T21:30:54","modified_gmt":"2026-05-04T19:30:54","slug":"morskie","status":"publish","type":"page","link":"https:\/\/boem.pl\/?page_id=123","title":{"rendered":"Kontenery morskie"},"content":{"rendered":"\t\t<div data-elementor-type=\"wp-page\" data-elementor-id=\"123\" class=\"elementor elementor-123\">\n\t\t\t\t<div class=\"elementor-element elementor-element-2ed5c7a e-con-full e-flex e-con e-parent\" data-id=\"2ed5c7a\" data-element_type=\"container\" data-e-type=\"container\">\n\t\t<div class=\"elementor-element elementor-element-3fdb197 e-con-full e-flex e-con e-child\" data-id=\"3fdb197\" data-element_type=\"container\" data-e-type=\"container\">\n\t\t\t\t\t\t\t\n\t\t\t<img class=\"e-image-base e-26929a2-a4f7a77\" \n\t\t\t\t\tdata-interaction-id=\"26929a2\" \n\t\t \n\t\t \n\t\t\t\t\t\t\t\t\tid=\"211\"\n\t\t\t\t\t\t\t\t\t\t\t\tsrc=\"https:\/\/boem.pl\/wp-content\/uploads\/2026\/05\/morski_spec.png\"\n\t\t\t\t\t\t\t\t\t\t\t\twidth=\"300\"\n\t\t\t\t\t\t\t\t\t\t\t\theight=\"300\"\n\t\t\t\t\t\t\t\t\t\t\t\tsrcset=\"https:\/\/boem.pl\/wp-content\/uploads\/2026\/05\/morski_spec.png 300w, https:\/\/boem.pl\/wp-content\/uploads\/2026\/05\/morski_spec-150x150.png 150w\"\n\t\t\t\t\t\t\t\t\t\t\t\talt=\"\"\n\t\t\t\t\t\t\/>\n\t\t\t\t\t<\/div>\n\t\t<div class=\"elementor-element elementor-element-a5e479d e-con-full e-flex e-con e-child\" data-id=\"a5e479d\" data-element_type=\"container\" data-e-type=\"container\">\n\t\t\t\t\t\t\t\t<p class=\"e-paragraph-base\" data-interaction-id=\"9d7fecb\"  >\n\t\t\t\t\t\t\t\tKONTENERY MORSKIE  DEDYKOWANE <br><br>Przeznaczenie : np. serwerownie, stacje uzdatniania wody, pomieszczenie naagregaty pr\u0105dotw\u00f3rcze \u2013 obudowa generator\u00f3w pr\u0105dotw\u00f3rczych, przeno\u015bnegeneratory ciep\u0142a, pomieszczenia socjalne, magazynowe ,biurowe, itp.<br><br>KONTENERY SPECJALISTYCZNE S\u0104 PROJEKTOWANE I WYKONYWANE W KLASIEWYKONANIA EXC2, ZGODNIE Z WYMAGANIAMI NORMY PN-EN 1090. REALIZACJ\u0118PROWADZIMY W OPARCIU O DOSTARCZON\u0104 DOKUMENTACJ\u0118 ORAZ UZGODNIONEWYMAGANIA TECHNICZNE, TAK ABY FINALNE ROZWI\u0104ZANIE W PE\u0141NI ODPOWIADA\u0141OPOTRZEBOM KLIENTA.<br><br>W ZALE\u017bNO\u015aCI OD SPECYFIKACJI MO\u017bLIWE JEST ZASTOSOWANIE: DRZWI, OKIEN,W\u0141AZ\u00d3W, KRAT\/OS\u0141ON ORAZ WIZJER\u00d3W. KONSTRUKCJA MO\u017bE ZOSTA\u0106PRZYGOTOWANA DO POD\u0141\u0104CZENIA MEDI\u00d3W (NP. ZASILANIA ELEKTRYCZNEGO, WODY,\u015aCIEK\u00d3W I SYSTEMU WENTYLACJI).<br><br><br><br><br><br><br>\n\t\t\t\t\t<\/p>\n\t\t\t\t<\/div>\n\t\t\t\t<\/div>\n\t\t\t\t<\/div>\n\t\t","protected":false},"excerpt":{"rendered":"<p>KONTENERY MORSKIE DEDYKOWANE Przeznaczenie : np. serwerownie, stacje uzdatniania wody, pomieszczenie naagregaty pr\u0105dotw\u00f3rcze \u2013 obudowa generator\u00f3w pr\u0105dotw\u00f3rczych, przeno\u015bnegeneratory ciep\u0142a, pomieszczenia socjalne, magazynowe ,biurowe, itp. KONTENERY SPECJALISTYCZNE S\u0104 PROJEKTOWANE I WYKONYWANE W KLASIEWYKONANIA EXC2, ZGODNIE Z WYMAGANIAMI NORMY PN-EN 1090. REALIZACJ\u0118PROWADZIMY W OPARCIU O DOSTARCZON\u0104 DOKUMENTACJ\u0118 ORAZ UZGODNIONEWYMAGANIA TECHNICZNE, TAK ABY FINALNE ROZWI\u0104ZANIE W PE\u0141NI ODPOWIADA\u0141OPOTRZEBOM [&hellip;]<\/p>\n","protected":false},"author":1,"featured_media":0,"parent":36,"menu_order":0,"comment_status":"closed","ping_status":"closed","template":"","meta":{"footnotes":""},"class_list":["post-123","page","type-page","status-publish","hentry"],"yoast_head":"<!-- This site is optimized with the Yoast SEO plugin v27.5 - https:\/\/yoast.com\/product\/yoast-seo-wordpress\/ -->\n<title>Kontenery morskie - BOEM GROUP<\/title>\n<meta name=\"robots\" content=\"index, follow, max-snippet:-1, max-image-preview:large, max-video-preview:-1\" \/>\n<link rel=\"canonical\" href=\"http:\/\/boem.pl\/?page_id=123\" \/>\n<meta property=\"og:locale\" content=\"pl_PL\" \/>\n<meta property=\"og:type\" content=\"article\" \/>\n<meta property=\"og:title\" content=\"Kontenery morskie - BOEM GROUP\" \/>\n<meta property=\"og:description\" content=\"KONTENERY MORSKIE DEDYKOWANE Przeznaczenie : np. serwerownie, stacje uzdatniania wody, pomieszczenie naagregaty pr\u0105dotw\u00f3rcze \u2013 obudowa generator\u00f3w pr\u0105dotw\u00f3rczych, przeno\u015bnegeneratory ciep\u0142a, pomieszczenia socjalne, magazynowe ,biurowe, itp. KONTENERY SPECJALISTYCZNE S\u0104 PROJEKTOWANE I WYKONYWANE W KLASIEWYKONANIA EXC2, ZGODNIE Z WYMAGANIAMI NORMY PN-EN 1090. REALIZACJ\u0118PROWADZIMY W OPARCIU O DOSTARCZON\u0104 DOKUMENTACJ\u0118 ORAZ UZGODNIONEWYMAGANIA TECHNICZNE, TAK ABY FINALNE ROZWI\u0104ZANIE W PE\u0141NI ODPOWIADA\u0141OPOTRZEBOM [&hellip;]\" \/>\n<meta property=\"og:url\" content=\"http:\/\/boem.pl\/?page_id=123\" \/>\n<meta property=\"og:site_name\" content=\"BOEM GROUP\" \/>\n<meta property=\"article:modified_time\" content=\"2026-05-04T19:30:54+00:00\" \/>\n<meta property=\"og:image\" content=\"http:\/\/boem.pl\/wp-content\/uploads\/2026\/05\/morski_spec.png\" \/>\n<meta name=\"twitter:card\" content=\"summary_large_image\" \/>\n<meta name=\"twitter:label1\" content=\"Szacowany czas czytania\" \/>\n\t<meta name=\"twitter:data1\" content=\"1 minuta\" \/>\n<script type=\"application\/ld+json\" class=\"yoast-schema-graph\">{\"@context\":\"https:\\\/\\\/schema.org\",\"@graph\":[{\"@type\":\"WebPage\",\"@id\":\"http:\\\/\\\/boem.pl\\\/?page_id=123\",\"url\":\"http:\\\/\\\/boem.pl\\\/?page_id=123\",\"name\":\"Kontenery morskie - BOEM GROUP\",\"isPartOf\":{\"@id\":\"https:\\\/\\\/boem.pl\\\/#website\"},\"primaryImageOfPage\":{\"@id\":\"http:\\\/\\\/boem.pl\\\/?page_id=123#primaryimage\"},\"image\":{\"@id\":\"http:\\\/\\\/boem.pl\\\/?page_id=123#primaryimage\"},\"thumbnailUrl\":\"http:\\\/\\\/boem.pl\\\/wp-content\\\/uploads\\\/2026\\\/05\\\/morski_spec.png\",\"datePublished\":\"2026-04-20T18:17:47+00:00\",\"dateModified\":\"2026-05-04T19:30:54+00:00\",\"breadcrumb\":{\"@id\":\"http:\\\/\\\/boem.pl\\\/?page_id=123#breadcrumb\"},\"inLanguage\":\"pl-PL\",\"potentialAction\":[{\"@type\":\"ReadAction\",\"target\":[\"http:\\\/\\\/boem.pl\\\/?page_id=123\"]}]},{\"@type\":\"ImageObject\",\"inLanguage\":\"pl-PL\",\"@id\":\"http:\\\/\\\/boem.pl\\\/?page_id=123#primaryimage\",\"url\":\"http:\\\/\\\/boem.pl\\\/wp-content\\\/uploads\\\/2026\\\/05\\\/morski_spec.png\",\"contentUrl\":\"http:\\\/\\\/boem.pl\\\/wp-content\\\/uploads\\\/2026\\\/05\\\/morski_spec.png\"},{\"@type\":\"BreadcrumbList\",\"@id\":\"http:\\\/\\\/boem.pl\\\/?page_id=123#breadcrumb\",\"itemListElement\":[{\"@type\":\"ListItem\",\"position\":1,\"name\":\"Home\",\"item\":\"https:\\\/\\\/boem.pl\\\/\"},{\"@type\":\"ListItem\",\"position\":2,\"name\":\"Produkty\",\"item\":\"https:\\\/\\\/boem.pl\\\/?page_id=36\"},{\"@type\":\"ListItem\",\"position\":3,\"name\":\"Kontenery morskie\"}]},{\"@type\":\"WebSite\",\"@id\":\"https:\\\/\\\/boem.pl\\\/#website\",\"url\":\"https:\\\/\\\/boem.pl\\\/\",\"name\":\"BOEM GROUP\",\"description\":\"\",\"publisher\":{\"@id\":\"https:\\\/\\\/boem.pl\\\/#organization\"},\"potentialAction\":[{\"@type\":\"SearchAction\",\"target\":{\"@type\":\"EntryPoint\",\"urlTemplate\":\"https:\\\/\\\/boem.pl\\\/?s={search_term_string}\"},\"query-input\":{\"@type\":\"PropertyValueSpecification\",\"valueRequired\":true,\"valueName\":\"search_term_string\"}}],\"inLanguage\":\"pl-PL\"},{\"@type\":\"Organization\",\"@id\":\"https:\\\/\\\/boem.pl\\\/#organization\",\"name\":\"BOEM GROUP\",\"url\":\"https:\\\/\\\/boem.pl\\\/\",\"logo\":{\"@type\":\"ImageObject\",\"inLanguage\":\"pl-PL\",\"@id\":\"https:\\\/\\\/boem.pl\\\/#\\\/schema\\\/logo\\\/image\\\/\",\"url\":\"https:\\\/\\\/boem.pl\\\/wp-content\\\/uploads\\\/2026\\\/04\\\/cropped-LOGO.png\",\"contentUrl\":\"https:\\\/\\\/boem.pl\\\/wp-content\\\/uploads\\\/2026\\\/04\\\/cropped-LOGO.png\",\"width\":240,\"height\":88,\"caption\":\"BOEM GROUP\"},\"image\":{\"@id\":\"https:\\\/\\\/boem.pl\\\/#\\\/schema\\\/logo\\\/image\\\/\"}}]}<\/script>\n<!-- \/ Yoast SEO plugin. -->","yoast_head_json":{"title":"Kontenery morskie - BOEM GROUP","robots":{"index":"index","follow":"follow","max-snippet":"max-snippet:-1","max-image-preview":"max-image-preview:large","max-video-preview":"max-video-preview:-1"},"canonical":"http:\/\/boem.pl\/?page_id=123","og_locale":"pl_PL","og_type":"article","og_title":"Kontenery morskie - BOEM GROUP","og_description":"KONTENERY MORSKIE DEDYKOWANE Przeznaczenie : np. serwerownie, stacje uzdatniania wody, pomieszczenie naagregaty pr\u0105dotw\u00f3rcze \u2013 obudowa generator\u00f3w pr\u0105dotw\u00f3rczych, przeno\u015bnegeneratory ciep\u0142a, pomieszczenia socjalne, magazynowe ,biurowe, itp. KONTENERY SPECJALISTYCZNE S\u0104 PROJEKTOWANE I WYKONYWANE W KLASIEWYKONANIA EXC2, ZGODNIE Z WYMAGANIAMI NORMY PN-EN 1090. REALIZACJ\u0118PROWADZIMY W OPARCIU O DOSTARCZON\u0104 DOKUMENTACJ\u0118 ORAZ UZGODNIONEWYMAGANIA TECHNICZNE, TAK ABY FINALNE ROZWI\u0104ZANIE W PE\u0141NI ODPOWIADA\u0141OPOTRZEBOM [&hellip;]","og_url":"http:\/\/boem.pl\/?page_id=123","og_site_name":"BOEM GROUP","article_modified_time":"2026-05-04T19:30:54+00:00","og_image":[{"url":"http:\/\/boem.pl\/wp-content\/uploads\/2026\/05\/morski_spec.png","type":"","width":"","height":""}],"twitter_card":"summary_large_image","twitter_misc":{"Szacowany czas czytania":"1 minuta"},"schema":{"@context":"https:\/\/schema.org","@graph":[{"@type":"WebPage","@id":"http:\/\/boem.pl\/?page_id=123","url":"http:\/\/boem.pl\/?page_id=123","name":"Kontenery morskie - BOEM GROUP","isPartOf":{"@id":"https:\/\/boem.pl\/#website"},"primaryImageOfPage":{"@id":"http:\/\/boem.pl\/?page_id=123#primaryimage"},"image":{"@id":"http:\/\/boem.pl\/?page_id=123#primaryimage"},"thumbnailUrl":"http:\/\/boem.pl\/wp-content\/uploads\/2026\/05\/morski_spec.png","datePublished":"2026-04-20T18:17:47+00:00","dateModified":"2026-05-04T19:30:54+00:00","breadcrumb":{"@id":"http:\/\/boem.pl\/?page_id=123#breadcrumb"},"inLanguage":"pl-PL","potentialAction":[{"@type":"ReadAction","target":["http:\/\/boem.pl\/?page_id=123"]}]},{"@type":"ImageObject","inLanguage":"pl-PL","@id":"http:\/\/boem.pl\/?page_id=123#primaryimage","url":"http:\/\/boem.pl\/wp-content\/uploads\/2026\/05\/morski_spec.png","contentUrl":"http:\/\/boem.pl\/wp-content\/uploads\/2026\/05\/morski_spec.png"},{"@type":"BreadcrumbList","@id":"http:\/\/boem.pl\/?page_id=123#breadcrumb","itemListElement":[{"@type":"ListItem","position":1,"name":"Home","item":"https:\/\/boem.pl\/"},{"@type":"ListItem","position":2,"name":"Produkty","item":"https:\/\/boem.pl\/?page_id=36"},{"@type":"ListItem","position":3,"name":"Kontenery morskie"}]},{"@type":"WebSite","@id":"https:\/\/boem.pl\/#website","url":"https:\/\/boem.pl\/","name":"BOEM GROUP","description":"","publisher":{"@id":"https:\/\/boem.pl\/#organization"},"potentialAction":[{"@type":"SearchAction","target":{"@type":"EntryPoint","urlTemplate":"https:\/\/boem.pl\/?s={search_term_string}"},"query-input":{"@type":"PropertyValueSpecification","valueRequired":true,"valueName":"search_term_string"}}],"inLanguage":"pl-PL"},{"@type":"Organization","@id":"https:\/\/boem.pl\/#organization","name":"BOEM GROUP","url":"https:\/\/boem.pl\/","logo":{"@type":"ImageObject","inLanguage":"pl-PL","@id":"https:\/\/boem.pl\/#\/schema\/logo\/image\/","url":"https:\/\/boem.pl\/wp-content\/uploads\/2026\/04\/cropped-LOGO.png","contentUrl":"https:\/\/boem.pl\/wp-content\/uploads\/2026\/04\/cropped-LOGO.png","width":240,"height":88,"caption":"BOEM GROUP"},"image":{"@id":"https:\/\/boem.pl\/#\/schema\/logo\/image\/"}}]}},"_links":{"self":[{"href":"https:\/\/boem.pl\/index.php?rest_route=\/wp\/v2\/pages\/123","targetHints":{"allow":["GET"]}}],"collection":[{"href":"https:\/\/boem.pl\/index.php?rest_route=\/wp\/v2\/pages"}],"about":[{"href":"https:\/\/boem.pl\/index.php?rest_route=\/wp\/v2\/types\/page"}],"author":[{"embeddable":true,"href":"https:\/\/boem.pl\/index.php?rest_route=\/wp\/v2\/users\/1"}],"replies":[{"embeddable":true,"href":"https:\/\/boem.pl\/index.php?rest_route=%2Fwp%2Fv2%2Fcomments&post=123"}],"version-history":[{"count":19,"href":"https:\/\/boem.pl\/index.php?rest_route=\/wp\/v2\/pages\/123\/revisions"}],"predecessor-version":[{"id":640,"href":"https:\/\/boem.pl\/index.php?rest_route=\/wp\/v2\/pages\/123\/revisions\/640"}],"up":[{"embeddable":true,"href":"https:\/\/boem.pl\/index.php?rest_route=\/wp\/v2\/pages\/36"}],"wp:attachment":[{"href":"https:\/\/boem.pl\/index.php?rest_route=%2Fwp%2Fv2%2Fmedia&parent=123"}],"curies":[{"name":"wp","href":"https:\/\/api.w.org\/{rel}","templated":true}]}}